{"id":2542,"date":"2018-11-22T03:27:30","date_gmt":"2018-11-22T08:27:30","guid":{"rendered":"https:\/\/www.tmgglobalmarketing.com\/site2019\/?page_id=2542"},"modified":"2019-11-14T15:00:35","modified_gmt":"2019-11-14T20:00:35","slug":"portafolio-tmg","status":"publish","type":"page","link":"https:\/\/tmgglobalmarketing.com\/en\/portafolio-tmg\/","title":{"rendered":"Portafolio"},"content":{"rendered":"<div id=\"pl-2542\"  class=\"panel-layout\" ><div id=\"pg-2542-0\"  class=\"panel-grid panel-has-style\" ><div class=\"siteorigin-panels-stretch panel-row-style panel-row-style-for-2542-0\" data-stretch-type=\"full-stretched\" ><div id=\"pgc-2542-0-0\"  class=\"panel-grid-cell\" ><div id=\"panel-2542-0-0-0\" class=\"so-panel widget widget_lsow-hero-image panel-first-child panel-last-child\" data-index=\"0\" ><div class=\"so-widget-lsow-hero-image so-widget-lsow-hero-image-default-1a3c6e22851f-2542\">\n\n<div class=\"lsow-hero-header lsow-section-bg-parallax\" >\n\n    <div class=\"lsow-background\">\n\n        \n            \n            \n                \n                    <div class=\"lsow-parallax-bg\"\n                         style=\"background-image: url(https:\/\/tmgglobalmarketing.com\/wp-content\/uploads\/2019\/10\/portafolio-tmg-global-marketing.gif);\"><\/div>\n\n                \n            \n        \n    <\/div><!-- .lsow-background -->\n\n    \n        <div class=\"lsow-overlay\" style=\"background-color: rgba(130, 36, 227, 0.3);\"><\/div>\n\n    \n    <div class=\"lsow-header-content\">\n\n        \n            <div class=\"lsow-standard-header\">\n\n                \n                <h3 class=\"lsow-heading\"><h1 style=\"color:#fff\">Portafolio TMG<\/h1><\/h3>\n                \n            <\/div>\n\n        \n\n    <\/div>\n\n    \n<\/div><\/div><\/div><\/div><\/div><\/div><div id=\"pg-2542-1\"  class=\"panel-grid panel-has-style\" ><div class=\"animated fadeIn siteorigin-panels-stretch panel-row-style panel-row-style-for-2542-1\" data-stretch-type=\"full-stretched-padded\" ><div id=\"pgc-2542-1-0\"  class=\"panel-grid-cell\" ><div id=\"panel-2542-1-0-0\" class=\"so-panel widget widget_sow-editor panel-first-child\" data-index=\"1\" ><div class=\"so-widget-sow-editor so-widget-sow-editor-base\">\n<div class=\"siteorigin-widget-tinymce textwidget\">\n\t<div class=\"lsow-animate-on-scroll lsow-visible-on-scroll\" data-animation=\"fadeIn\">\n\t<abovetitle>Un amplio portafolio de clientes y servicios<\/abovetitle>\n\t<h2>Portafolio TMG Global Marketing<\/h2>\n <subtitle>Su negocio alcanzar\u00e1 nuevos niveles de posicionamiento<\/subtitle>\n<\/div><\/div>\n<\/div><\/div><div id=\"panel-2542-1-0-1\" class=\"so-panel widget widget_sow-editor panel-last-child\" data-index=\"2\" ><div class=\"animated fadeIn panel-widget-style panel-widget-style-for-2542-1-0-1\" ><div class=\"so-widget-sow-editor so-widget-sow-editor-base\">\n<div class=\"siteorigin-widget-tinymce textwidget\">\n\t<p class=\"lsow-animate-on-scroll lsow-visible-on-scroll\" data-animation=\"FadeInUp\">En TMG Global Marketing, planificamos estrategias individualizadas y  \u00fanicas de acuerdo a las caracter\u00edsticas y necesidades de su marca, producto o servicio. En portafolio TMG conocer\u00e1 como una vez llega a nuestras manos,  actuamos como un Laboratorio Especializado analizando la informaci\u00f3n, definiendo mercados objetivos y dando sentido a la estrategia de comunicaci\u00f3n posible y que se convertir\u00e1 en las bases de una efectiva plataforma comunicacional, optimiz\u00e1ndola e implementando para ella todas las v\u00edas o medios adecuados, los mejores, para que el esfuerzo publicitario o de mercadeo sea acertado e impacte favorablemente en el menor tiempo posible, al ser usted dirigido con precisi\u00f3n hacia su consumidor o usuario potencial. <\/p><\/div>\n<\/div><\/div><\/div><\/div><\/div><\/div><div id=\"pg-2542-2\"  class=\"panel-grid panel-has-style\" ><div class=\"siteorigin-panels-stretch panel-row-style panel-row-style-for-2542-2\" data-stretch-type=\"full-stretched-padded\" ><div id=\"pgc-2542-2-0\"  class=\"panel-grid-cell\" ><div id=\"panel-2542-2-0-0\" class=\"so-panel widget widget_sow-editor panel-first-child panel-last-child\" data-index=\"3\" ><div class=\"panel-widget-style panel-widget-style-for-2542-2-0-0\" ><div class=\"so-widget-sow-editor so-widget-sow-editor-base\">\n<div class=\"siteorigin-widget-tinymce textwidget\">\n\t<div class=\"lsow-animate-on-scroll lsow-visible-on-scroll\" data-animation=\"fadeIn\">\n<h3>Portafolio TMG Global Marketing<\/h3>\n<p><subtitle class=\"lsow-animate-on-scroll lsow-visible-on-scroll\" data-animation=\"FadeInUp\">Proyectos de altura para clientes de altura<\/subtitle><\/div>\n<\/div>\n<\/div><\/div><\/div><\/div><\/div><\/div><div id=\"pg-2542-3\"  class=\"panel-grid panel-has-style\" ><div class=\"siteorigin-panels-stretch panel-row-style panel-row-style-for-2542-3\" data-stretch-type=\"full-stretched-padded\" ><div id=\"pgc-2542-3-0\"  class=\"panel-grid-cell\" ><div id=\"panel-2542-3-0-0\" class=\"so-panel widget widget_lsow-button panel-first-child panel-last-child\" data-index=\"4\" ><div class=\"so-widget-lsow-button so-widget-lsow-button-default-e8e12b5b7152-2542\"><div class=\"lsow-button-wrap\" style=\"clear: both; text-align:center;\"><a class= \"lsow-button  lsow-custom lsow-medium lsow-animate-on-scroll lsow-visible-on-scroll\" data-color=#03e6ff data-hover-color=#8224e3 data-animation=\"fadeInLeft\" href=\"https:\/\/tmgglobalmarketing.com\/en\/portafolio-tmg\/galeria\/\">GALER\u00cdA<\/a><\/div><\/div><\/div><\/div><\/div><\/div><div id=\"pg-2542-4\"  class=\"panel-grid panel-has-style\" ><div class=\"siteorigin-panels-stretch panel-row-style panel-row-style-for-2542-4\" data-stretch-type=\"full-stretched-padded\" ><div id=\"pgc-2542-4-0\"  class=\"panel-grid-cell\" ><div class=\"panel-cell-style panel-cell-style-for-2542-4-0\" ><div id=\"panel-2542-4-0-0\" class=\"widget_text so-panel widget widget_custom_html panel-first-child\" data-index=\"5\" ><div class=\"textwidget custom-html-widget\"><a href=\"..\/portafolio-tmg\/identidad-visual-tmg\/\"><div class=\"imag-port\" style=\"background: url('https:\/\/tmgglobalmarketing.com\/wp-content\/uploads\/2019\/06\/identidad-visual-menu.jpg') no-repeat center top;\">\n<div class=\"filtro3-imag-port\">\n<h3 style=\"text-align: center; font-weight: bold; color: #fff; margin-top: 35px;\" class=\"lsow-animate-on-scroll lsow-visible-on-scroll\" data-animation=\"FadeInUp\">IDENTIDAD VISUAL<\/h3>\n\n<div class=\"texto-port\" style=\"text-align: center;\">\n<a class=\"lsow-button lsow-with-icon lsow-custom lsow-medium lsow-animate-on-scroll lsow-visible-on-scroll animated fadeInRight\" style=\"opacity: 1;\" href=\"..\/portafolio\/identidad-visual-tmg\/\" data-color=\"#260470\" data-hover-color=\"#a466e2\" data-animation=\"fadeInRight\">Ver Galer\u00eda de Identidad Visual<\/a>\n\n<\/div>\n\t\n<\/div>\n<\/div><\/a><\/div><\/div><div id=\"panel-2542-4-0-1\" class=\"so-panel widget widget_sow-editor panel-last-child\" data-index=\"6\" ><div class=\"panel-widget-style panel-widget-style-for-2542-4-0-1\" ><div class=\"so-widget-sow-editor so-widget-sow-editor-base\">\n<div class=\"siteorigin-widget-tinymce textwidget\">\n\t<div class=\"lsow-animate-on-scroll lsow-visible-on-scroll\" data-animation=\"fadeIn\"<p>Piezas publicitarias desarrolladas por nuestro departamento de dise\u00f1o gr\u00e1fico. Podr\u00e1 ver como se construye y posiciona una marca, generando credibilidad a trav\u00e9s de un concepto que identifica al producto con sus consumidores.<\/div><\/div>\n<\/div><\/div><\/div><\/div><\/div><div id=\"pgc-2542-4-1\"  class=\"panel-grid-cell\" ><div class=\"panel-cell-style panel-cell-style-for-2542-4-1\" ><div id=\"panel-2542-4-1-0\" class=\"widget_text so-panel widget widget_custom_html panel-first-child\" data-index=\"7\" ><div class=\"textwidget custom-html-widget\"><a href=\"..\/portafolio-tmg\/insercion-en-medios-tmg\/\"><div class=\"col-md-6 col-sm-6 col-xs-12\">\n<div class=\"imag-port\" style=\"background: url('https:\/\/tmgglobalmarketing.com\/wp-content\/uploads\/2019\/06\/insercion-medios-menu.jpg') no-repeat center top;\">\n<div class=\"filtro1-imag-port\">\n<h3 style=\"text-align: center; font-weight: bold; color: #fff; margin-top: 35px;\" class=\"lsow-animate-on-scroll lsow-visible-on-scroll\" data-animation=\"FadeInUp\">INSERCI\u00d3N EN MEDIOS<\/h3>\n\n<div class=\"texto-port\" style=\"text-align: center;\">\n<a class=\"lsow-button lsow-with-icon lsow-custom lsow-medium lsow-animate-on-scroll lsow-visible-on-scroll animated fadeInRight\" style=\"opacity: 1;\" href=\"https:\/\/tmgglobalmarketing.com\/en\/portafolio-tmg\/insercion-en-medios-tmg\/\" data-color=\"#260470\" data-hover-color=\"#a466e2\" data-animation=\"fadeInRight\">Ver Galer\u00eda de Inserci\u00f3n en Medios<\/a>\n\n<\/div>\n\t\n<\/div>\n<\/div>\n<\/div><\/a><\/div><\/div><div id=\"panel-2542-4-1-1\" class=\"so-panel widget widget_sow-editor panel-last-child\" data-index=\"8\" ><div class=\"panel-widget-style panel-widget-style-for-2542-4-1-1\" ><div class=\"so-widget-sow-editor so-widget-sow-editor-base\">\n<div class=\"siteorigin-widget-tinymce textwidget\">\n\t<div class=\"lsow-animate-on-scroll lsow-visible-on-scroll\" data-animation=\"fadeIn\"><p>Conceptos creativos de alto impacto llevadas a avisos de prensa, revistas, banner, vallas, muppies. Llamando la atenci\u00f3n hacia su marca, producto o servicio en los mas diversos medios de comunicaci\u00f3n masivos del mundo.<\/p><\/div><\/div>\n<\/div><\/div><\/div><\/div><\/div><div id=\"pgc-2542-4-2\"  class=\"panel-grid-cell\" ><div class=\"panel-cell-style panel-cell-style-for-2542-4-2\" ><div id=\"panel-2542-4-2-0\" class=\"widget_text so-panel widget widget_custom_html panel-first-child\" data-index=\"9\" ><div class=\"textwidget custom-html-widget\"><a href=\"..\/portafolio-tmg\/promociones-y-eventos-tmg\/\"><div class=\"col-md-6 col-sm-6 col-xs-12\">\n<div class=\"imag-port\" style=\"background: url('https:\/\/tmgglobalmarketing.com\/wp-content\/uploads\/2019\/06\/diseno-grafico-menu.jpg') no-repeat center top;\">\n<div class=\"filtro2-imag-port\">\n<h3 style=\"text-align: center; font-weight: bold; color: #fff; margin-top: 35px;\" class=\"lsow-animate-on-scroll lsow-visible-on-scroll\" data-animation=\"FadeInUp\">PROMOCIONES Y EVENTOS<\/h3>\n<div class=\"texto-port\">\n<a class=\"lsow-button lsow-with-icon lsow-custom lsow-medium lsow-animate-on-scroll lsow-visible-on-scroll animated fadeInRight\" style=\"opacity: 1;\" href=\"..\/portafolio\/diseno-grafico-tmg\/\" data-color=\"#260470\" data-hover-color=\"#a466e2\" data-animation=\"fadeInRight\">Ver Portafolio de Promociones y Eventos<\/a>\n<\/div>\n<\/div>\n<\/div>\n<\/div><\/a><\/div><\/div><div id=\"panel-2542-4-2-1\" class=\"so-panel widget widget_sow-editor panel-last-child\" data-index=\"10\" ><div class=\"panel-widget-style panel-widget-style-for-2542-4-2-1\" ><div class=\"so-widget-sow-editor so-widget-sow-editor-base\">\n<div class=\"siteorigin-widget-tinymce textwidget\">\n\t<div class=\"lsow-animate-on-scroll lsow-visible-on-scroll\" data-animation=\"fadeIn\"<p>Fusionamos el dise\u00f1o con lo est\u00e9tico y la comunicaci\u00f3n visual para desarrollar piezas altamente creativas e innovadoras que capturan de forma inmediata la atenci\u00f3n de los consumidores. Generamos conceptos que incrementan sus ventas.<\/div><\/div>\n<\/div><\/div><\/div><\/div><\/div><\/div><\/div><div id=\"pg-2542-5\"  class=\"panel-grid panel-has-style\" ><div class=\"siteorigin-panels-stretch panel-row-style panel-row-style-for-2542-5\" data-stretch-type=\"full-stretched\" ><div id=\"pgc-2542-5-0\"  class=\"panel-grid-cell\" ><div id=\"panel-2542-5-0-0\" class=\"so-panel widget widget_sow-editor panel-first-child panel-last-child\" data-index=\"11\" ><div class=\"panel-widget-style panel-widget-style-for-2542-5-0-0\" ><div class=\"so-widget-sow-editor so-widget-sow-editor-base\">\n<div class=\"siteorigin-widget-tinymce textwidget\">\n\t<div class=\"lsow-animate-on-scroll lsow-visible-on-scroll\" data-animation=\"fadeIn\"><blockquote><p>Con el mejor contenido, las mejores piezas, las mejores v\u00edas, con la mayor proyecci\u00f3n el \u00e9xito est\u00e1 totalmente garantizado al mejor estilo TMG Global Marketing.<\/p><\/blockquote>\n<\/div><\/div>\n<\/div><\/div><\/div><\/div><\/div><\/div><div id=\"pg-2542-6\"  class=\"panel-grid panel-has-style\" ><div class=\"siteorigin-panels-stretch panel-row-style panel-row-style-for-2542-6\" data-stretch-type=\"full\" ><div id=\"pgc-2542-6-0\"  class=\"panel-grid-cell\" ><div id=\"panel-2542-6-0-0\" class=\"so-panel widget widget_lsow-button panel-first-child\" data-index=\"12\" ><div class=\"so-widget-lsow-button so-widget-lsow-button-default-4cb5fa602f9c-2542\"><div class=\"lsow-button-wrap\" style=\"clear: both; text-align:center;\"><a class= \"lsow-button  lsow-with-icon lsow-custom lsow-medium lsow-animate-on-scroll lsow-visible-on-scroll\" data-color=#260470 data-hover-color=#f94213 data-animation=\"fadeInRight\" href=\"https:\/\/tmgglobalmarketing.com\/en\/contacto\/\"><span class=\"sow-icon-fontawesome sow-far\" data-sow-icon=\"&#xf2b5;\"\n\t\t ><\/span>Cont\u00e1ctanos<\/a><\/div><\/div><\/div><div id=\"panel-2542-6-0-1\" class=\"widget_text so-panel widget widget_custom_html panel-last-child\" data-index=\"13\" ><div class=\"textwidget custom-html-widget\"><style>.dt-sc-hr-invisible-medium {display:none;}.simple-title{display:none;}.commententries {\n    margin: 0px 0px 0px;}<\/style><\/div><\/div><\/div><\/div><\/div><\/div>","protected":false},"excerpt":{"rendered":"<p>Un amplio portafolio de clientes y servicios Portafolio TMG Global Marketing Su negocio alcanzar\u00e1 nuevos niveles de posicionamiento En TMG Global Marketing, planificamos estrategias individualizadas y \u00fanicas de acuerdo a las caracter\u00edsticas y necesidades de su marca, producto o servicio. En portafolio TMG conocer\u00e1 como una vez llega a nuestras manos, actuamos como un Laboratorio [&hellip;]<\/p>","protected":false},"author":1,"featured_media":5106,"parent":0,"menu_order":0,"comment_status":"closed","ping_status":"closed","template":"","meta":[],"yoast_head":"<!-- This site is optimized with the Yoast SEO plugin v17.9 - https:\/\/yoast.com\/wordpress\/plugins\/seo\/ -->\n<title>Portafolio - TMG Global Marketing<\/title>\n<meta name=\"description\" content=\"Planificamos estrategias individualizadas y \u00fanicas de acuerdo a las caracter\u00edsticas y necesidades de su marca, producto o servicio. Portafolio TMG Global\" \/>\n<meta name=\"robots\" content=\"index, follow, max-snippet:-1, max-image-preview:large, max-video-preview:-1\" \/>\n<link rel=\"canonical\" href=\"https:\/\/tmgglobalmarketing.com\/en\/portafolio-tmg\/\" \/>\n<meta property=\"og:locale\" content=\"en_US\" \/>\n<meta property=\"og:type\" content=\"article\" \/>\n<meta property=\"og:title\" content=\"Portafolio - TMG Global Marketing\" \/>\n<meta property=\"og:description\" content=\"Planificamos estrategias individualizadas y \u00fanicas de acuerdo a las caracter\u00edsticas y necesidades de su marca, producto o servicio. Portafolio TMG Global\" \/>\n<meta property=\"og:url\" content=\"https:\/\/tmgglobalmarketing.com\/en\/portafolio-tmg\/\" \/>\n<meta property=\"og:site_name\" content=\"TMG Global Marketing\" \/>\n<meta property=\"article:publisher\" content=\"https:\/\/www.facebook.com\/tmglatam\/\" \/>\n<meta property=\"article:modified_time\" content=\"2019-11-14T20:00:35+00:00\" \/>\n<meta property=\"og:image\" content=\"https:\/\/tmgglobalmarketing.com\/wp-content\/uploads\/2019\/09\/55e1d64a4b50ab14ea89837cc3202a7f1039d7ed5750734f76_1920.jpg\" \/>\n\t<meta property=\"og:image:width\" content=\"1920\" \/>\n\t<meta property=\"og:image:height\" content=\"1236\" \/>\n\t<meta property=\"og:image:type\" content=\"image\/jpeg\" \/>\n<meta name=\"twitter:card\" content=\"summary_large_image\" \/>\n<meta name=\"twitter:site\" content=\"@tmglatam\" \/>\n<meta name=\"twitter:label1\" content=\"Est. reading time\" \/>\n\t<meta name=\"twitter:data1\" content=\"1 minute\" \/>\n<script type=\"application\/ld+json\" class=\"yoast-schema-graph\">{\"@context\":\"https:\/\/schema.org\",\"@graph\":[{\"@type\":\"Organization\",\"@id\":\"https:\/\/tmgglobalmarketing.com\/#organization\",\"name\":\"TMG Global Marketing\",\"url\":\"https:\/\/tmgglobalmarketing.com\/\",\"sameAs\":[\"https:\/\/www.facebook.com\/tmglatam\/\",\"https:\/\/www.instagram.com\/tmglatam\/\",\"https:\/\/twitter.com\/tmglatam\"],\"logo\":{\"@type\":\"ImageObject\",\"@id\":\"https:\/\/tmgglobalmarketing.com\/#logo\",\"inLanguage\":\"en-US\",\"url\":\"https:\/\/tmgglobalmarketing.com\/wp-content\/uploads\/logo-tmg-512.png\",\"contentUrl\":\"https:\/\/tmgglobalmarketing.com\/wp-content\/uploads\/logo-tmg-512.png\",\"width\":512,\"height\":512,\"caption\":\"TMG Global Marketing\"},\"image\":{\"@id\":\"https:\/\/tmgglobalmarketing.com\/#logo\"}},{\"@type\":\"WebSite\",\"@id\":\"https:\/\/tmgglobalmarketing.com\/#website\",\"url\":\"https:\/\/tmgglobalmarketing.com\/\",\"name\":\"TMG Global Marketing\",\"description\":\"Publicidad y Marketing Digital\",\"publisher\":{\"@id\":\"https:\/\/tmgglobalmarketing.com\/#organization\"},\"potentialAction\":[{\"@type\":\"SearchAction\",\"target\":{\"@type\":\"EntryPoint\",\"urlTemplate\":\"https:\/\/tmgglobalmarketing.com\/?s={search_term_string}\"},\"query-input\":\"required name=search_term_string\"}],\"inLanguage\":\"en-US\"},{\"@type\":\"ImageObject\",\"@id\":\"https:\/\/tmgglobalmarketing.com\/en\/portafolio-tmg\/#primaryimage\",\"inLanguage\":\"en-US\",\"url\":\"https:\/\/tmgglobalmarketing.com\/wp-content\/uploads\/2019\/09\/55e1d64a4b50ab14ea89837cc3202a7f1039d7ed5750734f76_1920.jpg\",\"contentUrl\":\"https:\/\/tmgglobalmarketing.com\/wp-content\/uploads\/2019\/09\/55e1d64a4b50ab14ea89837cc3202a7f1039d7ed5750734f76_1920.jpg\",\"width\":1920,\"height\":1236,\"caption\":\"portafolio tmg global marketing\"},{\"@type\":\"WebPage\",\"@id\":\"https:\/\/tmgglobalmarketing.com\/en\/portafolio-tmg\/#webpage\",\"url\":\"https:\/\/tmgglobalmarketing.com\/en\/portafolio-tmg\/\",\"name\":\"Portafolio - TMG Global Marketing\",\"isPartOf\":{\"@id\":\"https:\/\/tmgglobalmarketing.com\/#website\"},\"primaryImageOfPage\":{\"@id\":\"https:\/\/tmgglobalmarketing.com\/en\/portafolio-tmg\/#primaryimage\"},\"datePublished\":\"2018-11-22T08:27:30+00:00\",\"dateModified\":\"2019-11-14T20:00:35+00:00\",\"description\":\"Planificamos estrategias individualizadas y \\u00fanicas de acuerdo a las caracter\\u00edsticas y necesidades de su marca, producto o servicio. Portafolio TMG Global\",\"breadcrumb\":{\"@id\":\"https:\/\/tmgglobalmarketing.com\/en\/portafolio-tmg\/#breadcrumb\"},\"inLanguage\":\"en-US\",\"potentialAction\":[{\"@type\":\"ReadAction\",\"target\":[\"https:\/\/tmgglobalmarketing.com\/en\/portafolio-tmg\/\"]}]},{\"@type\":\"BreadcrumbList\",\"@id\":\"https:\/\/tmgglobalmarketing.com\/en\/portafolio-tmg\/#breadcrumb\",\"itemListElement\":[{\"@type\":\"ListItem\",\"position\":1,\"name\":\"Portada\",\"item\":\"https:\/\/tmgglobalmarketing.com\/\"},{\"@type\":\"ListItem\",\"position\":2,\"name\":\"Portafolio\"}]}]}<\/script>\n<!-- \/ Yoast SEO plugin. -->","yoast_head_json":{"title":"Portafolio - TMG Global Marketing","description":"Planificamos estrategias individualizadas y \u00fanicas de acuerdo a las caracter\u00edsticas y necesidades de su marca, producto o servicio. Portafolio TMG Global","robots":{"index":"index","follow":"follow","max-snippet":"max-snippet:-1","max-image-preview":"max-image-preview:large","max-video-preview":"max-video-preview:-1"},"canonical":"https:\/\/tmgglobalmarketing.com\/en\/portafolio-tmg\/","og_locale":"en_US","og_type":"article","og_title":"Portafolio - TMG Global Marketing","og_description":"Planificamos estrategias individualizadas y \u00fanicas de acuerdo a las caracter\u00edsticas y necesidades de su marca, producto o servicio. Portafolio TMG Global","og_url":"https:\/\/tmgglobalmarketing.com\/en\/portafolio-tmg\/","og_site_name":"TMG Global Marketing","article_publisher":"https:\/\/www.facebook.com\/tmglatam\/","article_modified_time":"2019-11-14T20:00:35+00:00","og_image":[{"width":1920,"height":1236,"url":"https:\/\/tmgglobalmarketing.com\/wp-content\/uploads\/2019\/09\/55e1d64a4b50ab14ea89837cc3202a7f1039d7ed5750734f76_1920.jpg","type":"image\/jpeg"}],"twitter_card":"summary_large_image","twitter_site":"@tmglatam","twitter_misc":{"Est. reading time":"1 minute"},"schema":{"@context":"https:\/\/schema.org","@graph":[{"@type":"Organization","@id":"https:\/\/tmgglobalmarketing.com\/#organization","name":"TMG Global Marketing","url":"https:\/\/tmgglobalmarketing.com\/","sameAs":["https:\/\/www.facebook.com\/tmglatam\/","https:\/\/www.instagram.com\/tmglatam\/","https:\/\/twitter.com\/tmglatam"],"logo":{"@type":"ImageObject","@id":"https:\/\/tmgglobalmarketing.com\/#logo","inLanguage":"en-US","url":"https:\/\/tmgglobalmarketing.com\/wp-content\/uploads\/logo-tmg-512.png","contentUrl":"https:\/\/tmgglobalmarketing.com\/wp-content\/uploads\/logo-tmg-512.png","width":512,"height":512,"caption":"TMG Global Marketing"},"image":{"@id":"https:\/\/tmgglobalmarketing.com\/#logo"}},{"@type":"WebSite","@id":"https:\/\/tmgglobalmarketing.com\/#website","url":"https:\/\/tmgglobalmarketing.com\/","name":"TMG Global Marketing","description":"Publicidad y Marketing Digital","publisher":{"@id":"https:\/\/tmgglobalmarketing.com\/#organization"},"potentialAction":[{"@type":"SearchAction","target":{"@type":"EntryPoint","urlTemplate":"https:\/\/tmgglobalmarketing.com\/?s={search_term_string}"},"query-input":"required name=search_term_string"}],"inLanguage":"en-US"},{"@type":"ImageObject","@id":"https:\/\/tmgglobalmarketing.com\/en\/portafolio-tmg\/#primaryimage","inLanguage":"en-US","url":"https:\/\/tmgglobalmarketing.com\/wp-content\/uploads\/2019\/09\/55e1d64a4b50ab14ea89837cc3202a7f1039d7ed5750734f76_1920.jpg","contentUrl":"https:\/\/tmgglobalmarketing.com\/wp-content\/uploads\/2019\/09\/55e1d64a4b50ab14ea89837cc3202a7f1039d7ed5750734f76_1920.jpg","width":1920,"height":1236,"caption":"portafolio tmg global marketing"},{"@type":"WebPage","@id":"https:\/\/tmgglobalmarketing.com\/en\/portafolio-tmg\/#webpage","url":"https:\/\/tmgglobalmarketing.com\/en\/portafolio-tmg\/","name":"Portafolio - TMG Global Marketing","isPartOf":{"@id":"https:\/\/tmgglobalmarketing.com\/#website"},"primaryImageOfPage":{"@id":"https:\/\/tmgglobalmarketing.com\/en\/portafolio-tmg\/#primaryimage"},"datePublished":"2018-11-22T08:27:30+00:00","dateModified":"2019-11-14T20:00:35+00:00","description":"Planificamos estrategias individualizadas y \u00fanicas de acuerdo a las caracter\u00edsticas y necesidades de su marca, producto o servicio. Portafolio TMG Global","breadcrumb":{"@id":"https:\/\/tmgglobalmarketing.com\/en\/portafolio-tmg\/#breadcrumb"},"inLanguage":"en-US","potentialAction":[{"@type":"ReadAction","target":["https:\/\/tmgglobalmarketing.com\/en\/portafolio-tmg\/"]}]},{"@type":"BreadcrumbList","@id":"https:\/\/tmgglobalmarketing.com\/en\/portafolio-tmg\/#breadcrumb","itemListElement":[{"@type":"ListItem","position":1,"name":"Portada","item":"https:\/\/tmgglobalmarketing.com\/"},{"@type":"ListItem","position":2,"name":"Portafolio"}]}]}},"_links":{"self":[{"href":"https:\/\/tmgglobalmarketing.com\/en\/wp-json\/wp\/v2\/pages\/2542"}],"collection":[{"href":"https:\/\/tmgglobalmarketing.com\/en\/wp-json\/wp\/v2\/pages"}],"about":[{"href":"https:\/\/tmgglobalmarketing.com\/en\/wp-json\/wp\/v2\/types\/page"}],"author":[{"embeddable":true,"href":"https:\/\/tmgglobalmarketing.com\/en\/wp-json\/wp\/v2\/users\/1"}],"replies":[{"embeddable":true,"href":"https:\/\/tmgglobalmarketing.com\/en\/wp-json\/wp\/v2\/comments?post=2542"}],"version-history":[{"count":4,"href":"https:\/\/tmgglobalmarketing.com\/en\/wp-json\/wp\/v2\/pages\/2542\/revisions"}],"predecessor-version":[{"id":6111,"href":"https:\/\/tmgglobalmarketing.com\/en\/wp-json\/wp\/v2\/pages\/2542\/revisions\/6111"}],"wp:featuredmedia":[{"embeddable":true,"href":"https:\/\/tmgglobalmarketing.com\/en\/wp-json\/wp\/v2\/media\/5106"}],"wp:attachment":[{"href":"https:\/\/tmgglobalmarketing.com\/en\/wp-json\/wp\/v2\/media?parent=2542"}],"curies":[{"name":"wp","href":"https:\/\/api.w.org\/{rel}","templated":true}]}}