{"id":6213,"date":"2020-01-23T10:22:38","date_gmt":"2020-01-23T15:22:38","guid":{"rendered":"https:\/\/tmgglobalmarketing.com\/?page_id=5573"},"modified":"2020-02-18T07:43:35","modified_gmt":"2020-02-18T12:43:35","slug":"politicas-de-cookies","status":"publish","type":"page","link":"https:\/\/tmgglobalmarketing.com\/en\/politicas-de-cookies\/","title":{"rendered":"Pol\u00edtica sobre Cookies"},"content":{"rendered":"<h2 style=\"text-align: center;\">Pol\u00edtica sobre Cookies<\/h2>\n<p style=\"text-align: justify;\">\u00daltima modificaci\u00f3n: 09 de enero de 2020<\/p>\n<p style=\"text-align: justify;\">Este Acuerdo se proporciona \u00fanicamente para comodidad del interesado. La versi\u00f3n en ingl\u00e9s de este Acuerdo prevalecer\u00e1 y bajo ninguna circunstancia se interpretar\u00e1 que la versi\u00f3n de este Acuerdo en idioma espa\u00f1ol modifica a la versi\u00f3n del mismo en idioma ingl\u00e9s o que se aplica de alg\u00fan modo a la relaci\u00f3n entre las partes.<\/p>\n<p style=\"text-align: justify;\">En la presente Pol\u00edtica sobre Cookies, se explica c\u00f3mo TMG Global Marketing, C.A., y nuestras empresas afiliadas usan cookies y tecnolog\u00edas similares para reconocerte cuando visitas nuestros sitios web y cuando usas nuestro Servicio de Suscripci\u00f3n (el Servicio de Suscripci\u00f3n), incluidas nuestras aplicaciones m\u00f3viles asociadas (aplicaciones m\u00f3viles) pertenecientes y controladas por TMG Global Marketing. Se describen cu\u00e1les son estas tecnolog\u00edas y se explica por qu\u00e9 las utilizamos, adem\u00e1s de tus derechos a controlar nuestro uso de estas.<\/p>\n<p style=\"text-align: justify;\"><strong>\u00bfQu\u00e9 son las cookies?<\/strong><br \/>\nUna cookie es un archivo peque\u00f1o que contiene una cadena de caracteres que se env\u00eda a tu sistema inform\u00e1tico cuando visitas un sitio web. Cuando vuelves a visitarlo, la cookie permite que dicho sitio reconozca el navegador. Las cookies pueden almacenar preferencias de usuario y otra informaci\u00f3n.<br \/>\nLas cookies resultan \u00fatiles para ahorrar tiempo e informar al servidor de Internet que has regresado a una p\u00e1gina espec\u00edfica. Por ejemplo, si personalizas p\u00e1ginas en nuestros sitios web, o si te registras al Servicio de Suscripci\u00f3n, una cookie nos ayudar\u00e1 a recordar informaci\u00f3n espec\u00edfica sobre ti en las siguientes visitas. Cuando regresas al mismo sitio web, la informaci\u00f3n que proporcionaste anteriormente se podr\u00e1 recuperar de modo que puedas usar las caracter\u00edsticas personalizadas f\u00e1cilmente.<br \/>\nLas cookies establecidas por el propietario del sitio web (en este caso, TMG Global Marketing) se denominan \u00abcookies propias\u00bb. Las cookies establecidas por cualquiera que no sea el propietario del sitio web se denominan \u00abcookies de terceros\u00bb. Las cookies de terceros permiten que las caracter\u00edsticas o las funcionalidades de terceros se proporcionen en el sitio web o mediante este (por ejemplo, en forma de publicidad, contenido interactivo y anal\u00edticas). Las partes que establecen estas cookies de terceros pueden reconocer tu equipo cuando visita el sitio web en cuesti\u00f3n y tambi\u00e9n cuando visita otros sitios web.<\/p>\n<p style=\"text-align: justify;\"><strong>\u00bfPor qu\u00e9 usamos cookies?<\/strong><br \/>\nUsamos cookies propias y de terceros por varios motivos. Algunas cookies son necesarias por razones t\u00e9cnicas para que funcionen nuestros sitios web, y nos referimos a estas como cookies \u00abestrictamente necesarias\u00bb. Otras cookies tambi\u00e9n nos permiten monitorizar y dirigir los intereses de nuestros usuarios para mejorar su experiencia en nuestros sitios web y el Servicio de Suscripci\u00f3n. Por ejemplo, TMG Global Marketing realiza un seguimiento de los sitios web y las p\u00e1ginas que visitas dentro de TMG Global Marketing para as\u00ed determinar qu\u00e9 secciones del sitio web o del Servicio de Suscripci\u00f3n son las m\u00e1s populares o las m\u00e1s usadas. Estos datos se usan para ofrecer contenido personalizado y promociones dentro del sitio web de TMG Global Marketing y del Servicio de Suscripci\u00f3n a los clientes cuyo comportamiento se\u00f1ale que est\u00e1n interesados en un \u00e1rea en particular. Las terceras partes aportan cookies mediante nuestros sitios web para publicidad, anal\u00edticas y otros fines. Esto se describe en m\u00e1s detalle a continuaci\u00f3n.<\/p>\n<p style=\"text-align: justify;\"><strong>\u00bfQu\u00e9 tipos de cookies usamos y c\u00f3mo?<\/strong><br \/>\nLos tipos espec\u00edficos de cookies propias y de terceros que se proporcionan mediante nuestros sitios web y los objetivos que cumplen. Estas cookies incluyen:<\/p>\n<p style=\"padding-left: 40px; text-align: justify;\">Cookies esenciales del sitio web: Estas cookies son estrictamente necesarias para proporcionarte los servicios disponibles mediante nuestros sitios web, el Servicio de Suscripci\u00f3n y las aplicaciones m\u00f3viles, y para usar algunas de estas caracter\u00edsticas, como el acceso a \u00e1reas seguras.<\/p>\n<p style=\"padding-left: 40px; text-align: justify;\">Cookies de rendimiento y funcionalidad: Estas cookies se usan para mejorar el rendimiento y la funcionalidad de nuestros sitios web, el Servicio de Suscripci\u00f3n y las aplicaciones m\u00f3viles, pero no son esenciales para su uso. Sin embargo, sin estas cookies, es posible que algunas funcionalidades no est\u00e9n disponibles.<\/p>\n<p style=\"padding-left: 40px; text-align: justify;\">Cookies de anal\u00edticas y personalizaci\u00f3n: Estas cookies recopilan informaci\u00f3n utilizada de forma global para comprender el uso que se est\u00e1 haciendo de nuestros sitios web, Servicio de Suscripci\u00f3n y aplicaciones m\u00f3viles, y la efectividad de nuestras campa\u00f1as de marketing, o bien para personalizar nuestros sitios web para ti.<\/p>\n<p style=\"padding-left: 40px; text-align: justify;\">Cookies de publicidad: Estas cookies se usan para hacer que los mensajes de publicidad sean m\u00e1s relevantes para ti. Realizan ciertas funciones, como prevenir que el mismo anuncio reaparezca continuamente, para garantizar que los anuncios se muestren de forma correcta para los anunciantes y, en algunos casos, seleccionar anuncios de acuerdo con tus intereses.<\/p>\n<p style=\"padding-left: 40px; text-align: justify;\">Cookies de relaciones en las redes sociales: Estas cookies se usan para permitirte compartir p\u00e1ginas y contenido que te resultan interesantes en nuestros sitios web, Servicio de Suscripci\u00f3n o aplicaciones m\u00f3viles mediante relaciones en las redes sociales de terceros y otros sitios web. Estas cookies tambi\u00e9n se pueden usar para fines publicitarios.<\/p>\n<p style=\"text-align: justify;\"><strong>\u00bfC\u00f3mo puedo controlar las cookies?<\/strong><br \/>\nTienes derecho a decidir si aceptas o rechazas las cookies. Puedes ejercer tus preferencias con respecto a las cookies haciendo clic en los enlaces de exclusi\u00f3n voluntaria adecuados que se proporcionan a continuaci\u00f3n.<br \/>\nPuedes configurar o modificar los controles de tu navegador web o rechazar las cookies. Si decides rechazar las cookies, a\u00fan podr\u00e1s usar nuestro sitio web, aunque es posible que algunas funcionalidades o \u00e1reas de nuestro sitio web est\u00e9n restringidas. Debido a que los medios por los que rechazas las cookies mediante tus controles de navegador web var\u00edan en funci\u00f3n del navegador, debes consultar el men\u00fa de ayuda de tu navegador para obtener m\u00e1s informaci\u00f3n.<\/p>\n<p style=\"text-align: justify;\">Adem\u00e1s, la mayor\u00eda de las redes de publicidad te ofrecen una manera de darte de baja de los anuncios dirigidos. Si deseas obtener m\u00e1s informaci\u00f3n, puedes obtenerla en la p\u00e1gina http:\/\/www.aboutads.info\/choices\/ o http:\/\/www.youronlinechoices.com. Puedes darte de baja haciendo clic aqu\u00ed: http:\/\/preferences.truste.com\/ (o si te encuentras en la Uni\u00f3n Europea, haciendo clic aqu\u00ed: http:\/\/www.youronlinechoices.eu\/). Ten en cuenta que esta opci\u00f3n no impedir\u00e1 que sigas recibiendo anuncios, ya que continuar\u00e1s recibiendo anuncios gen\u00e9ricos.<br \/>\nCookies esenciales del sitio web: Debido a que estas cookies son estrictamente necesarias para ofrecerte los sitios web, no puedes rechazarlas. Sin embargo, puedes bloquearlas o eliminarlas cambiando la configuraci\u00f3n de tu navegador, como se describe anteriormente.<\/p>\n<p style=\"text-align: justify;\"><strong>\u00bfQu\u00e9 sucede con otras tecnolog\u00edas de seguimiento, como las se\u00f1alizaciones web?<\/strong><br \/>\nLas cookies no son la \u00fanica manera de reconocer o monitorizar a los visitantes de un sitio web. Empleamos una tecnolog\u00eda de software llamada \u00abgif transparentes\u00bb (tambi\u00e9n conocida como se\u00f1alizaciones web\/errores de Internet) que nos permite administrar mejor el sitio web y el Servicio de Suscripci\u00f3n gracias a que nos informa el tipo de contenido que ser\u00e1 m\u00e1s eficaz. Los gif transparentes son peque\u00f1os gr\u00e1ficos con un identificador \u00fanico y funciones similares a las cookies que se utilizan para hacer un seguimiento de los movimientos de los usuarios en Internet. A diferencia de las cookies, que se almacenan en el disco duro del equipo de los usuarios, los gif transparentes se incrustan de manera invisible en las p\u00e1ginas web o en los correos electr\u00f3nicos.Usamos gif transparentes o pixeles en nuestros correos electr\u00f3nicos HTML para saber qu\u00e9 mensajes han abierto nuestros destinatarios. Esto nos permite medir la eficacia de determinados tipos de comunicaciones y de nuestras campa\u00f1as de marketing. Vinculamos la informaci\u00f3n que recopilamos mediante gif transparentes en correos electr\u00f3nicos con la informaci\u00f3n personal de nuestros clientes.<\/p>\n<p style=\"text-align: justify;\"><strong>\u00bfUsas cookies de Flash u objetos locales compartidos?<\/strong><br \/>\nAdobe Flash Player (y otras aplicaciones similares) usan tecnolog\u00eda para recordar opciones de configuraci\u00f3n, preferencias y usos de manera similar a las cookies de navegador, aunque esta se administra mediante una interfaz diferente a la que proporciona tu navegador web. Dicha tecnolog\u00eda crea objetos almacenados de manera local, que a menudo se denominan \u201ccookies de Flash\u201d. TMG Global Marketing no usa cookies de Flash. No obstante, los clientes de nuestra plataforma de software pueden crear p\u00e1ginas en la plataforma de TMG Global Marketing que empleen cookies de Adobe Flash. TMG Global Marketing no tiene control sobre las cookies de Flash de nuestros clientes ni acceso a ellas, pero t\u00fa puedes acceder a tus herramientas de administraci\u00f3n de Flash directamente desde el sitio web de Adobe aqu\u00ed.<\/p>\n<p style=\"text-align: justify;\">Asimismo, nuestros clientes pueden crear p\u00e1ginas usando el Servicio de Suscripci\u00f3n de TMG Global Marketing que emplea tecnolog\u00eda de empresas de seguimiento, como cookies y se\u00f1alizaciones web. El uso de estas tecnolog\u00edas por parte de nuestros clientes no est\u00e1 cubierto por nuestra Pol\u00edtica sobre cookies o el <a href=\"https:\/\/tmgglobalmarketing.com\/en\/politicas-de-privacidad\/\">Aviso de privacidad<\/a>. No podemos controlar las cookies o los rastreadores de terceros que usan nuestros clientes.<\/p>\n<p style=\"text-align: justify;\"><strong>\u00bfRecibes publicidad dirigida?<\/strong><br \/>\nAlgunas terceras partes pueden instalar cookies en tu equipo o dispositivo m\u00f3vil para proporcionar anuncios mediante nuestros sitios web. Estas empresas pueden usar informaci\u00f3n acerca de tu visita a este y otros sitios web para proporcionar anuncios relevantes acerca de productos y servicios que pueden interesarte. Tambi\u00e9n pueden usar tecnolog\u00eda destinada a medir la eficacia de los anuncios. Pueden hacerlo usando cookies o se\u00f1alizaciones web para recopilar informaci\u00f3n acerca de tus visitas a este y otros sitios web, y proporcionar anuncios relevantes acerca de productos y servicios que pueden interesarte. La informaci\u00f3n recopilada mediante este proceso no nos permite ni les permite identificar tu nombre, tus datos de contacto u otros detalles de identificaci\u00f3n personal a menos que elijas proporcionarlos.<\/p>\n<p style=\"text-align: justify;\"><strong>\u00bfCon qu\u00e9 frecuencia actualizar\u00e1s esta pol\u00edtica de cookies?<\/strong><br \/>\nPodemos actualizar esta Pol\u00edtica sobre cookies de vez en cuando para reflejar, por ejemplo, cambios en las cookies que usamos para otros fines operativos, legales o normativos. Por lo tanto, vuelve a consultar esta Pol\u00edtica sobre cookies de forma regular para mantenerte informado acerca de nuestro uso de las cookies y las tecnolog\u00edas relacionadas.<br \/>\nLa fecha al comienzo de esta Pol\u00edtica sobre cookies indica cu\u00e1ndo se actualiz\u00f3 por \u00faltima vez.<\/p>\n<p style=\"text-align: justify;\"><strong>\u00bfD\u00f3nde puedo obtener m\u00e1s informaci\u00f3n?<\/strong><br \/>\nSi tienes preguntas acerca de nuestro uso de cookies u otras tecnolog\u00edas, env\u00edanos un correo electr\u00f3nico a info@tmgglobalmarketing.com<\/p>\n<p>&nbsp;<\/p>\n<p>&nbsp;<\/p>\n<p>&nbsp;<\/p>\n<p>&nbsp;<\/p>","protected":false},"excerpt":{"rendered":"<p>Pol\u00edtica sobre Cookies \u00daltima modificaci\u00f3n: 09 de enero de 2020 Este Acuerdo se proporciona \u00fanicamente para comodidad del interesado. La versi\u00f3n en ingl\u00e9s de este Acuerdo prevalecer\u00e1 y bajo ninguna circunstancia se interpretar\u00e1 que la versi\u00f3n de este Acuerdo en idioma espa\u00f1ol modifica a la versi\u00f3n del mismo en idioma ingl\u00e9s o que se aplica [&hellip;]<\/p>","protected":false},"author":1,"featured_media":0,"parent":0,"menu_order":0,"comment_status":"closed","ping_status":"closed","template":"","meta":[],"yoast_head":"<!-- This site is optimized with the Yoast SEO plugin v17.9 - https:\/\/yoast.com\/wordpress\/plugins\/seo\/ -->\n<title>Pol\u00edtica sobre Cookies - TMG Global Marketing<\/title>\n<meta name=\"robots\" content=\"index, follow, max-snippet:-1, max-image-preview:large, max-video-preview:-1\" \/>\n<link rel=\"canonical\" href=\"https:\/\/tmgglobalmarketing.com\/en\/politicas-de-cookies\/\" \/>\n<meta property=\"og:locale\" content=\"en_US\" \/>\n<meta property=\"og:type\" content=\"article\" \/>\n<meta property=\"og:title\" content=\"Pol\u00edtica sobre Cookies - TMG Global Marketing\" \/>\n<meta property=\"og:description\" content=\"Pol\u00edtica sobre Cookies \u00daltima modificaci\u00f3n: 09 de enero de 2020 Este Acuerdo se proporciona \u00fanicamente para comodidad del interesado. La versi\u00f3n en ingl\u00e9s de este Acuerdo prevalecer\u00e1 y bajo ninguna circunstancia se interpretar\u00e1 que la versi\u00f3n de este Acuerdo en idioma espa\u00f1ol modifica a la versi\u00f3n del mismo en idioma ingl\u00e9s o que se aplica [&hellip;]\" \/>\n<meta property=\"og:url\" content=\"https:\/\/tmgglobalmarketing.com\/en\/politicas-de-cookies\/\" \/>\n<meta property=\"og:site_name\" content=\"TMG Global Marketing\" \/>\n<meta property=\"article:publisher\" content=\"https:\/\/www.facebook.com\/tmglatam\/\" \/>\n<meta property=\"article:modified_time\" content=\"2020-02-18T12:43:35+00:00\" \/>\n<meta property=\"og:image\" content=\"https:\/\/tmgglobalmarketing.com\/wp-content\/uploads\/LOGO-COLOR-blanco-scaled.png\" \/>\n\t<meta property=\"og:image:width\" content=\"2560\" \/>\n\t<meta property=\"og:image:height\" content=\"1235\" \/>\n\t<meta property=\"og:image:type\" content=\"image\/png\" \/>\n<meta name=\"twitter:card\" content=\"summary_large_image\" \/>\n<meta name=\"twitter:site\" content=\"@tmglatam\" \/>\n<meta name=\"twitter:label1\" content=\"Est. reading time\" \/>\n\t<meta name=\"twitter:data1\" content=\"9 minutes\" \/>\n<script type=\"application\/ld+json\" class=\"yoast-schema-graph\">{\"@context\":\"https:\/\/schema.org\",\"@graph\":[{\"@type\":\"Organization\",\"@id\":\"https:\/\/tmgglobalmarketing.com\/#organization\",\"name\":\"TMG Global Marketing\",\"url\":\"https:\/\/tmgglobalmarketing.com\/\",\"sameAs\":[\"https:\/\/www.facebook.com\/tmglatam\/\",\"https:\/\/www.instagram.com\/tmglatam\/\",\"https:\/\/twitter.com\/tmglatam\"],\"logo\":{\"@type\":\"ImageObject\",\"@id\":\"https:\/\/tmgglobalmarketing.com\/#logo\",\"inLanguage\":\"en-US\",\"url\":\"https:\/\/tmgglobalmarketing.com\/wp-content\/uploads\/logo-tmg-512.png\",\"contentUrl\":\"https:\/\/tmgglobalmarketing.com\/wp-content\/uploads\/logo-tmg-512.png\",\"width\":512,\"height\":512,\"caption\":\"TMG Global Marketing\"},\"image\":{\"@id\":\"https:\/\/tmgglobalmarketing.com\/#logo\"}},{\"@type\":\"WebSite\",\"@id\":\"https:\/\/tmgglobalmarketing.com\/#website\",\"url\":\"https:\/\/tmgglobalmarketing.com\/\",\"name\":\"TMG Global Marketing\",\"description\":\"Publicidad y Marketing Digital\",\"publisher\":{\"@id\":\"https:\/\/tmgglobalmarketing.com\/#organization\"},\"potentialAction\":[{\"@type\":\"SearchAction\",\"target\":{\"@type\":\"EntryPoint\",\"urlTemplate\":\"https:\/\/tmgglobalmarketing.com\/?s={search_term_string}\"},\"query-input\":\"required name=search_term_string\"}],\"inLanguage\":\"en-US\"},{\"@type\":\"WebPage\",\"@id\":\"https:\/\/tmgglobalmarketing.com\/en\/politicas-de-cookies\/#webpage\",\"url\":\"https:\/\/tmgglobalmarketing.com\/en\/politicas-de-cookies\/\",\"name\":\"Pol\\u00edtica sobre Cookies - TMG Global Marketing\",\"isPartOf\":{\"@id\":\"https:\/\/tmgglobalmarketing.com\/#website\"},\"datePublished\":\"2020-01-23T15:22:38+00:00\",\"dateModified\":\"2020-02-18T12:43:35+00:00\",\"breadcrumb\":{\"@id\":\"https:\/\/tmgglobalmarketing.com\/en\/politicas-de-cookies\/#breadcrumb\"},\"inLanguage\":\"en-US\",\"potentialAction\":[{\"@type\":\"ReadAction\",\"target\":[\"https:\/\/tmgglobalmarketing.com\/en\/politicas-de-cookies\/\"]}]},{\"@type\":\"BreadcrumbList\",\"@id\":\"https:\/\/tmgglobalmarketing.com\/en\/politicas-de-cookies\/#breadcrumb\",\"itemListElement\":[{\"@type\":\"ListItem\",\"position\":1,\"name\":\"Portada\",\"item\":\"https:\/\/tmgglobalmarketing.com\/\"},{\"@type\":\"ListItem\",\"position\":2,\"name\":\"Pol\\u00edtica sobre Cookies\"}]}]}<\/script>\n<!-- \/ Yoast SEO plugin. -->","yoast_head_json":{"title":"Pol\u00edtica sobre Cookies - TMG Global Marketing","robots":{"index":"index","follow":"follow","max-snippet":"max-snippet:-1","max-image-preview":"max-image-preview:large","max-video-preview":"max-video-preview:-1"},"canonical":"https:\/\/tmgglobalmarketing.com\/en\/politicas-de-cookies\/","og_locale":"en_US","og_type":"article","og_title":"Pol\u00edtica sobre Cookies - TMG Global Marketing","og_description":"Pol\u00edtica sobre Cookies \u00daltima modificaci\u00f3n: 09 de enero de 2020 Este Acuerdo se proporciona \u00fanicamente para comodidad del interesado. La versi\u00f3n en ingl\u00e9s de este Acuerdo prevalecer\u00e1 y bajo ninguna circunstancia se interpretar\u00e1 que la versi\u00f3n de este Acuerdo en idioma espa\u00f1ol modifica a la versi\u00f3n del mismo en idioma ingl\u00e9s o que se aplica [&hellip;]","og_url":"https:\/\/tmgglobalmarketing.com\/en\/politicas-de-cookies\/","og_site_name":"TMG Global Marketing","article_publisher":"https:\/\/www.facebook.com\/tmglatam\/","article_modified_time":"2020-02-18T12:43:35+00:00","og_image":[{"width":2560,"height":1235,"url":"https:\/\/tmgglobalmarketing.com\/wp-content\/uploads\/LOGO-COLOR-blanco-scaled.png","type":"image\/png"}],"twitter_card":"summary_large_image","twitter_site":"@tmglatam","twitter_misc":{"Est. reading time":"9 minutes"},"schema":{"@context":"https:\/\/schema.org","@graph":[{"@type":"Organization","@id":"https:\/\/tmgglobalmarketing.com\/#organization","name":"TMG Global Marketing","url":"https:\/\/tmgglobalmarketing.com\/","sameAs":["https:\/\/www.facebook.com\/tmglatam\/","https:\/\/www.instagram.com\/tmglatam\/","https:\/\/twitter.com\/tmglatam"],"logo":{"@type":"ImageObject","@id":"https:\/\/tmgglobalmarketing.com\/#logo","inLanguage":"en-US","url":"https:\/\/tmgglobalmarketing.com\/wp-content\/uploads\/logo-tmg-512.png","contentUrl":"https:\/\/tmgglobalmarketing.com\/wp-content\/uploads\/logo-tmg-512.png","width":512,"height":512,"caption":"TMG Global Marketing"},"image":{"@id":"https:\/\/tmgglobalmarketing.com\/#logo"}},{"@type":"WebSite","@id":"https:\/\/tmgglobalmarketing.com\/#website","url":"https:\/\/tmgglobalmarketing.com\/","name":"TMG Global Marketing","description":"Publicidad y Marketing Digital","publisher":{"@id":"https:\/\/tmgglobalmarketing.com\/#organization"},"potentialAction":[{"@type":"SearchAction","target":{"@type":"EntryPoint","urlTemplate":"https:\/\/tmgglobalmarketing.com\/?s={search_term_string}"},"query-input":"required name=search_term_string"}],"inLanguage":"en-US"},{"@type":"WebPage","@id":"https:\/\/tmgglobalmarketing.com\/en\/politicas-de-cookies\/#webpage","url":"https:\/\/tmgglobalmarketing.com\/en\/politicas-de-cookies\/","name":"Pol\u00edtica sobre Cookies - TMG Global Marketing","isPartOf":{"@id":"https:\/\/tmgglobalmarketing.com\/#website"},"datePublished":"2020-01-23T15:22:38+00:00","dateModified":"2020-02-18T12:43:35+00:00","breadcrumb":{"@id":"https:\/\/tmgglobalmarketing.com\/en\/politicas-de-cookies\/#breadcrumb"},"inLanguage":"en-US","potentialAction":[{"@type":"ReadAction","target":["https:\/\/tmgglobalmarketing.com\/en\/politicas-de-cookies\/"]}]},{"@type":"BreadcrumbList","@id":"https:\/\/tmgglobalmarketing.com\/en\/politicas-de-cookies\/#breadcrumb","itemListElement":[{"@type":"ListItem","position":1,"name":"Portada","item":"https:\/\/tmgglobalmarketing.com\/"},{"@type":"ListItem","position":2,"name":"Pol\u00edtica sobre Cookies"}]}]}},"_links":{"self":[{"href":"https:\/\/tmgglobalmarketing.com\/en\/wp-json\/wp\/v2\/pages\/6213"}],"collection":[{"href":"https:\/\/tmgglobalmarketing.com\/en\/wp-json\/wp\/v2\/pages"}],"about":[{"href":"https:\/\/tmgglobalmarketing.com\/en\/wp-json\/wp\/v2\/types\/page"}],"author":[{"embeddable":true,"href":"https:\/\/tmgglobalmarketing.com\/en\/wp-json\/wp\/v2\/users\/1"}],"replies":[{"embeddable":true,"href":"https:\/\/tmgglobalmarketing.com\/en\/wp-json\/wp\/v2\/comments?post=6213"}],"version-history":[{"count":1,"href":"https:\/\/tmgglobalmarketing.com\/en\/wp-json\/wp\/v2\/pages\/6213\/revisions"}],"predecessor-version":[{"id":6215,"href":"https:\/\/tmgglobalmarketing.com\/en\/wp-json\/wp\/v2\/pages\/6213\/revisions\/6215"}],"wp:attachment":[{"href":"https:\/\/tmgglobalmarketing.com\/en\/wp-json\/wp\/v2\/media?parent=6213"}],"curies":[{"name":"wp","href":"https:\/\/api.w.org\/{rel}","templated":true}]}}